{"id":6609,"date":"2025-02-26T15:16:51","date_gmt":"2025-02-26T14:16:51","guid":{"rendered":"https:\/\/vratna.sk\/?page_id=6609"},"modified":"2025-03-21T13:35:23","modified_gmt":"2025-03-21T12:35:23","slug":"jarna-uzavera-turistickych-chodnikov","status":"publish","type":"page","link":"https:\/\/vratna.sk\/en\/jarna-uzavera-turistickych-chodnikov\/","title":{"rendered":"Spring closure of hiking trails"},"content":{"rendered":"    <section  class=\"title-text c-ForestGreen b-NaturalWhite\">\n        <div class=\"container-fluid\">\n            <div class=\"row\">\n                <div class=\"grid\">\n                    <div class=\"col title\">\n                        <h1>Spring closure of hiking trails<\/h1>\n                    <\/div>\n                    <div class=\"col editor text text-2\">\n                        <p>The administration of the Mal\u00e1 Fatra National Park draws attention to the annual spring closure, which lasts  <strong>from 01 March to 15 June  <\/strong>  on the following hiking trails:<\/p>\n<p><strong>1. Medziholie &#8211; Ve\u013ek\u00fd Rozsutec &#8211; Medzirozsutce (red hiking trail)<\/strong><\/p>\n<p><strong>2. Ob\u0161\u00edvanka &#8211; Small Bed and Breakfasts (blue hiking trail)<\/strong><\/p>\n<p><strong>3. Vendovka &#8211; Mal\u00fd Kriv\u00e1\u0148 (blue hiking trail)<\/strong><\/p>\n<p>The reason for the spring closure is primarily to protect the animals that make their home in Mala Fatra. Spring is the most sensitive time of the year for raising and fostering the young of various species of birds and mammals. It is important for these species to have peace and quiet from human presence for at least a few months of the year.  <\/p>\n<p>The closed sections of the trails to Ve\u013ek\u00fd Rozsutec and Ob\u0161\u00edvanka are part of the Rozsutec and Ties\u0148avy National Nature Reserves, where no economic activity is carried out. The reserves represent islands of wilderness and untouched nature in the attacked area of the national park. <\/p>\n<p>The reason for the closure of the section of the blue trail in Vendovka &#8211; Mal\u00fd Kriv\u00e1\u0148, which passes through the area above the upper forest border, is the protection of chickadees.<\/p>\n<p>Last but not least, the closures serve to protect and regenerate the soil cover, which is more susceptible to erosion immediately after the winter period.<\/p>\n<p>Hikers have more than 150 km of marked hiking trails of varying difficulty available in the Mala Fatra National Park all year round, so we hope that they will accept and respect this restriction, which is beneficial for the nature of Mala Fatra.<\/p>\n<p>When visiting the area, keep an eye on the Mountain Rescue Service website, which publishes safety warnings for Little Fatra.<\/p>\n<ul>\n<li>Source: FB Mala Fatra National Park<\/li>\n<\/ul>\n                    <\/div>\n                                            <div class=\"pictogram pictogram-1\">\n                            <?xml version=\"1.0\" encoding=\"UTF-8\"?>\n<svg xmlns=\"http:\/\/www.w3.org\/2000\/svg\" width=\"80\" height=\"80\" viewBox=\"0 0 80 80\" fill=\"none\">\n  <path fill-rule=\"evenodd\" clip-rule=\"evenodd\" d=\"M49.9725 42.5024L33.3285 9.21092L1.27319 73.3348L54.8753 73.3293V73.3342H78.7155L56.6762 29.2484L49.9725 42.5024ZM12.0581 66.668L33.3288 24.1178L54.5994 66.6635L12.0581 66.668Z\" fill=\"#01382E\"><\/path>\n<\/svg>\n                        <\/div>\n                                    <\/div>\n            <\/div>\n        <\/div>\n    <\/section>\n\n\n","protected":false},"excerpt":{"rendered":"","protected":false},"author":4,"featured_media":0,"parent":0,"menu_order":0,"comment_status":"closed","ping_status":"closed","template":"","meta":{"_acf_changed":false,"inline_featured_image":false,"footnotes":""},"class_list":["post-6609","page","type-page","status-publish","hentry"],"acf":[],"yoast_head":"<!-- This site is optimized with the Yoast SEO plugin v27.4 - https:\/\/yoast.com\/product\/yoast-seo-wordpress\/ -->\n<title>Spring closure of hiking trails - Vratna<\/title>\n<meta name=\"robots\" content=\"index, follow, max-snippet:-1, max-image-preview:large, max-video-preview:-1\" \/>\n<link rel=\"canonical\" href=\"https:\/\/vratna.sk\/en\/jarna-uzavera-turistickych-chodnikov\/\" \/>\n<meta property=\"og:locale\" content=\"en_US\" \/>\n<meta property=\"og:type\" content=\"article\" \/>\n<meta property=\"og:title\" content=\"Spring closure of hiking trails - Vratna\" \/>\n<meta property=\"og:url\" content=\"https:\/\/vratna.sk\/en\/jarna-uzavera-turistickych-chodnikov\/\" \/>\n<meta property=\"og:site_name\" content=\"Vratna\" \/>\n<meta property=\"article:publisher\" content=\"https:\/\/www.facebook.com\/vratnamalafatra\/\" \/>\n<meta property=\"article:modified_time\" content=\"2025-03-21T12:35:23+00:00\" \/>\n<meta property=\"og:image\" content=\"https:\/\/i0.wp.com\/vratna.sk\/wp-content\/uploads\/2024\/06\/OGImage.png?fit=1200%2C628&ssl=1\" \/>\n\t<meta property=\"og:image:width\" content=\"1200\" \/>\n\t<meta property=\"og:image:height\" content=\"628\" \/>\n\t<meta property=\"og:image:type\" content=\"image\/png\" \/>\n<meta name=\"twitter:card\" content=\"summary_large_image\" \/>\n<script type=\"application\/ld+json\" class=\"yoast-schema-graph\">{\"@context\":\"https:\\\/\\\/schema.org\",\"@graph\":[{\"@type\":\"WebPage\",\"@id\":\"https:\\\/\\\/vratna.sk\\\/en\\\/jarna-uzavera-turistickych-chodnikov\\\/\",\"url\":\"https:\\\/\\\/vratna.sk\\\/en\\\/jarna-uzavera-turistickych-chodnikov\\\/\",\"name\":\"Spring closure of hiking trails - Vratna\",\"isPartOf\":{\"@id\":\"https:\\\/\\\/vratna.sk\\\/en\\\/#website\"},\"datePublished\":\"2025-02-26T14:16:51+00:00\",\"dateModified\":\"2025-03-21T12:35:23+00:00\",\"breadcrumb\":{\"@id\":\"https:\\\/\\\/vratna.sk\\\/en\\\/jarna-uzavera-turistickych-chodnikov\\\/#breadcrumb\"},\"inLanguage\":\"en-US\",\"potentialAction\":[{\"@type\":\"ReadAction\",\"target\":[\"https:\\\/\\\/vratna.sk\\\/en\\\/jarna-uzavera-turistickych-chodnikov\\\/\"]}]},{\"@type\":\"BreadcrumbList\",\"@id\":\"https:\\\/\\\/vratna.sk\\\/en\\\/jarna-uzavera-turistickych-chodnikov\\\/#breadcrumb\",\"itemListElement\":[{\"@type\":\"ListItem\",\"position\":1,\"name\":\"Home\",\"item\":\"https:\\\/\\\/vratna.sk\\\/en\\\/vratna-in-summer\\\/\"},{\"@type\":\"ListItem\",\"position\":2,\"name\":\"Spring closure of hiking trails\"}]},{\"@type\":\"WebSite\",\"@id\":\"https:\\\/\\\/vratna.sk\\\/en\\\/#website\",\"url\":\"https:\\\/\\\/vratna.sk\\\/en\\\/\",\"name\":\"Vratna\",\"description\":\"\",\"potentialAction\":[{\"@type\":\"SearchAction\",\"target\":{\"@type\":\"EntryPoint\",\"urlTemplate\":\"https:\\\/\\\/vratna.sk\\\/en\\\/?s={search_term_string}\"},\"query-input\":{\"@type\":\"PropertyValueSpecification\",\"valueRequired\":true,\"valueName\":\"search_term_string\"}}],\"inLanguage\":\"en-US\"}]}<\/script>\n<!-- \/ Yoast SEO plugin. -->","yoast_head_json":{"title":"Spring closure of hiking trails - Vratna","robots":{"index":"index","follow":"follow","max-snippet":"max-snippet:-1","max-image-preview":"max-image-preview:large","max-video-preview":"max-video-preview:-1"},"canonical":"https:\/\/vratna.sk\/en\/jarna-uzavera-turistickych-chodnikov\/","og_locale":"en_US","og_type":"article","og_title":"Spring closure of hiking trails - Vratna","og_url":"https:\/\/vratna.sk\/en\/jarna-uzavera-turistickych-chodnikov\/","og_site_name":"Vratna","article_publisher":"https:\/\/www.facebook.com\/vratnamalafatra\/","article_modified_time":"2025-03-21T12:35:23+00:00","og_image":[{"width":1200,"height":628,"url":"https:\/\/i0.wp.com\/vratna.sk\/wp-content\/uploads\/2024\/06\/OGImage.png?fit=1200%2C628&ssl=1","type":"image\/png"}],"twitter_card":"summary_large_image","schema":{"@context":"https:\/\/schema.org","@graph":[{"@type":"WebPage","@id":"https:\/\/vratna.sk\/en\/jarna-uzavera-turistickych-chodnikov\/","url":"https:\/\/vratna.sk\/en\/jarna-uzavera-turistickych-chodnikov\/","name":"Spring closure of hiking trails - Vratna","isPartOf":{"@id":"https:\/\/vratna.sk\/en\/#website"},"datePublished":"2025-02-26T14:16:51+00:00","dateModified":"2025-03-21T12:35:23+00:00","breadcrumb":{"@id":"https:\/\/vratna.sk\/en\/jarna-uzavera-turistickych-chodnikov\/#breadcrumb"},"inLanguage":"en-US","potentialAction":[{"@type":"ReadAction","target":["https:\/\/vratna.sk\/en\/jarna-uzavera-turistickych-chodnikov\/"]}]},{"@type":"BreadcrumbList","@id":"https:\/\/vratna.sk\/en\/jarna-uzavera-turistickych-chodnikov\/#breadcrumb","itemListElement":[{"@type":"ListItem","position":1,"name":"Home","item":"https:\/\/vratna.sk\/en\/vratna-in-summer\/"},{"@type":"ListItem","position":2,"name":"Spring closure of hiking trails"}]},{"@type":"WebSite","@id":"https:\/\/vratna.sk\/en\/#website","url":"https:\/\/vratna.sk\/en\/","name":"Vratna","description":"","potentialAction":[{"@type":"SearchAction","target":{"@type":"EntryPoint","urlTemplate":"https:\/\/vratna.sk\/en\/?s={search_term_string}"},"query-input":{"@type":"PropertyValueSpecification","valueRequired":true,"valueName":"search_term_string"}}],"inLanguage":"en-US"}]}},"_links":{"self":[{"href":"https:\/\/vratna.sk\/en\/wp-json\/wp\/v2\/pages\/6609","targetHints":{"allow":["GET"]}}],"collection":[{"href":"https:\/\/vratna.sk\/en\/wp-json\/wp\/v2\/pages"}],"about":[{"href":"https:\/\/vratna.sk\/en\/wp-json\/wp\/v2\/types\/page"}],"author":[{"embeddable":true,"href":"https:\/\/vratna.sk\/en\/wp-json\/wp\/v2\/users\/4"}],"replies":[{"embeddable":true,"href":"https:\/\/vratna.sk\/en\/wp-json\/wp\/v2\/comments?post=6609"}],"version-history":[{"count":11,"href":"https:\/\/vratna.sk\/en\/wp-json\/wp\/v2\/pages\/6609\/revisions"}],"predecessor-version":[{"id":6918,"href":"https:\/\/vratna.sk\/en\/wp-json\/wp\/v2\/pages\/6609\/revisions\/6918"}],"wp:attachment":[{"href":"https:\/\/vratna.sk\/en\/wp-json\/wp\/v2\/media?parent=6609"}],"curies":[{"name":"wp","href":"https:\/\/api.w.org\/{rel}","templated":true}]}}