{"id":6033,"date":"2025-01-20T10:35:38","date_gmt":"2025-01-20T09:35:38","guid":{"rendered":"https:\/\/vratna.sk\/lyziarske-skoly-a-sluzby-v-nasom-areali\/"},"modified":"2026-01-06T11:43:19","modified_gmt":"2026-01-06T10:43:19","slug":"lyziarske-skoly-a-sluzby-v-nasom-areali","status":"publish","type":"page","link":"https:\/\/vratna.sk\/en\/lyziarske-skoly-a-sluzby-v-nasom-areali\/","title":{"rendered":"Ski schools and services"},"content":{"rendered":"\n<p>In the area of the resort Vr\u00e1tna Mal\u00e1 Fatra you have the opportunity to use the services of external ski schools, which offer ski and snowboard lessons by trained instructors for all ages and levels.  <\/p>\n\n<p>They also offer ski and skialp equipment rental. You can also find professional ski service (RAW). <\/p>\n\n<p>To order services or for further information, please do not hesitate to contact them directly by email or phone.  <\/p>\n                <\/div>\n            <\/div>\n        <\/div>\n    <\/div>\n    <div class=\"pictogram pictogram-1\">\n        <?xml version=\"1.0\" encoding=\"UTF-8\"?>\n<svg xmlns=\"http:\/\/www.w3.org\/2000\/svg\" width=\"80\" height=\"80\" viewBox=\"0 0 80 80\" fill=\"none\">\n  <path fill-rule=\"evenodd\" clip-rule=\"evenodd\" d=\"M59.021 5.68404L11.6003 53.3259H0V46.6601H8.83012L18.6998 36.7445L14.5177 32.5624L17.8506 22.5638L11.9511 16.6643L24.9967 3.61875L38.3652 16.9873L54.2966 0.981628L59.021 5.68404ZM22.1441 30.7621L23.4022 32.0201L33.6628 21.7117L24.9967 13.0455L21.3779 16.6643L25.477 20.7634L22.1441 30.7621ZM58.3624 43.6503L44.9938 30.2818L31.9482 43.3273L37.8477 49.2268L34.5149 59.2254L38.6969 63.4075L28.8273 73.3232H19.9972V79.9889H31.5974L79.0181 32.347L74.2938 27.6446L58.3624 43.6503Z\" fill=\"#01382E\"><\/path>\n<\/svg>\n    <\/div>\n<\/section>    <section  class=\"contacts b-NaturalWhite c-ForestGreen\">\n        <div class=\"container-fluid\">\n            <div class=\"row\">\n                <h1>CONTACTS<\/h1>\n                <div class=\"grid\">\n                                                    <div class=\"item\">\n                                    <div class=\"name text-1 bold\">RAW Vratna<\/div>\n                                    <div class=\"text-2\">\n                                        <p>e-mail: <a class=\"ms-outlook-linkify\" href=\"mailto:rawvratna@gmail.com\">rawvratna@gmail.com<\/a><\/p>\n<p><a href=\"Tel:%C2%A0+421903118116\"><\/a><a href=\"https:\/\/raw-vratna.sk\/\">phone: +421 903 118<\/a> 116<\/p>\n<p> www.raw-vratna.sk<\/p>\n                                    <\/div>\n                                <\/div>\n                                                            <div class=\"item\">\n                                    <div class=\"name text-1 bold\">LY\u017dIARE\u0147 Vr\u00e1tna<\/div>\n                                    <div class=\"text-2\">\n                                        <p>e-mail: <a href=\"mailto:info@lyziarenvratna.sk\">info@lyziarenvratna.sk<\/a><\/p>\n<p><a href=\"tel:+421%20910%20313%20359\"><\/a><a href=\"http:\/\/www.lyziarenvratna.sk\">phone: +421 918<\/a> 263 029<\/p>\n<p> www.lyziarenvratna.sk<\/p>\n                                    <\/div>\n                                <\/div>\n                                                            <div class=\"item\">\n                                    <div class=\"name text-1 bold\">FATRA SKI  <\/div>\n                                    <div class=\"text-2\">\n                                        <p>e-mail: <a href=\"mailto:vratna@fatraski.sk\">vratna@fatraski.sk<\/a><\/p>\n<p>phone: +421 905 838 469<\/p>\n<p><a href=\"http:\/\/www.fatraski.sk\/kontakt\">www.fatraski.sk<\/a><\/p>\n                                    <\/div>\n                                <\/div>\n                                                            <div class=\"item\">\n                                    <div class=\"name text-1 bold\">ALPINKA<\/div>\n                                    <div class=\"text-2\">\n                                        <p>e-mail: <a href=\"mailto:info@events-slovakia.sk\">info@events-slovakia.sk<\/a><\/p>\n<p>phone: + 421 905 906 244<\/p>\n<p><a href=\"http:\/\/www.alpinka.blue\">www.alpinka.blue<\/a><\/p>\n<p>&nbsp;<\/p>\n                                    <\/div>\n                                <\/div>\n                                            <\/div>\n            <\/div>\n        <\/div>\n    <\/section>\n","protected":false},"excerpt":{"rendered":"<p>In the area of the resort Vr\u00e1tna Mal\u00e1 Fatra you have the opportunity to use the services of external ski [&#8230;]<\/p>\n","protected":false},"author":4,"featured_media":0,"parent":0,"menu_order":0,"comment_status":"closed","ping_status":"closed","template":"page-content.php","meta":{"_acf_changed":false,"inline_featured_image":false,"footnotes":""},"class_list":["post-6033","page","type-page","status-publish","hentry"],"acf":[],"yoast_head":"<!-- This site is optimized with the Yoast SEO plugin v27.4 - https:\/\/yoast.com\/product\/yoast-seo-wordpress\/ -->\n<title>Ski schools and services - Vratna<\/title>\n<meta name=\"robots\" content=\"index, follow, max-snippet:-1, max-image-preview:large, max-video-preview:-1\" \/>\n<link rel=\"canonical\" href=\"https:\/\/vratna.sk\/en\/lyziarske-skoly-a-sluzby-v-nasom-areali\/\" \/>\n<meta property=\"og:locale\" content=\"en_US\" \/>\n<meta property=\"og:type\" content=\"article\" \/>\n<meta property=\"og:title\" content=\"Ski schools and services - Vratna\" \/>\n<meta property=\"og:description\" content=\"In the area of the resort Vr\u00e1tna Mal\u00e1 Fatra you have the opportunity to use the services of external ski [...]\" \/>\n<meta property=\"og:url\" content=\"https:\/\/vratna.sk\/en\/lyziarske-skoly-a-sluzby-v-nasom-areali\/\" \/>\n<meta property=\"og:site_name\" content=\"Vratna\" \/>\n<meta property=\"article:publisher\" content=\"https:\/\/www.facebook.com\/vratnamalafatra\/\" \/>\n<meta property=\"article:modified_time\" content=\"2026-01-06T10:43:19+00:00\" \/>\n<meta property=\"og:image\" content=\"https:\/\/i0.wp.com\/vratna.sk\/wp-content\/uploads\/2024\/06\/OGImage.png?fit=1200%2C628&ssl=1\" \/>\n\t<meta property=\"og:image:width\" content=\"1200\" \/>\n\t<meta property=\"og:image:height\" content=\"628\" \/>\n\t<meta property=\"og:image:type\" content=\"image\/png\" \/>\n<meta name=\"twitter:card\" content=\"summary_large_image\" \/>\n<script type=\"application\/ld+json\" class=\"yoast-schema-graph\">{\"@context\":\"https:\\\/\\\/schema.org\",\"@graph\":[{\"@type\":\"WebPage\",\"@id\":\"https:\\\/\\\/vratna.sk\\\/en\\\/lyziarske-skoly-a-sluzby-v-nasom-areali\\\/\",\"url\":\"https:\\\/\\\/vratna.sk\\\/en\\\/lyziarske-skoly-a-sluzby-v-nasom-areali\\\/\",\"name\":\"Ski schools and services - Vratna\",\"isPartOf\":{\"@id\":\"https:\\\/\\\/vratna.sk\\\/en\\\/#website\"},\"datePublished\":\"2025-01-20T09:35:38+00:00\",\"dateModified\":\"2026-01-06T10:43:19+00:00\",\"breadcrumb\":{\"@id\":\"https:\\\/\\\/vratna.sk\\\/en\\\/lyziarske-skoly-a-sluzby-v-nasom-areali\\\/#breadcrumb\"},\"inLanguage\":\"en-US\",\"potentialAction\":[{\"@type\":\"ReadAction\",\"target\":[\"https:\\\/\\\/vratna.sk\\\/en\\\/lyziarske-skoly-a-sluzby-v-nasom-areali\\\/\"]}]},{\"@type\":\"BreadcrumbList\",\"@id\":\"https:\\\/\\\/vratna.sk\\\/en\\\/lyziarske-skoly-a-sluzby-v-nasom-areali\\\/#breadcrumb\",\"itemListElement\":[{\"@type\":\"ListItem\",\"position\":1,\"name\":\"Home\",\"item\":\"https:\\\/\\\/vratna.sk\\\/en\\\/vratna-in-summer\\\/\"},{\"@type\":\"ListItem\",\"position\":2,\"name\":\"Ski schools and services\"}]},{\"@type\":\"WebSite\",\"@id\":\"https:\\\/\\\/vratna.sk\\\/en\\\/#website\",\"url\":\"https:\\\/\\\/vratna.sk\\\/en\\\/\",\"name\":\"Vratna\",\"description\":\"\",\"potentialAction\":[{\"@type\":\"SearchAction\",\"target\":{\"@type\":\"EntryPoint\",\"urlTemplate\":\"https:\\\/\\\/vratna.sk\\\/en\\\/?s={search_term_string}\"},\"query-input\":{\"@type\":\"PropertyValueSpecification\",\"valueRequired\":true,\"valueName\":\"search_term_string\"}}],\"inLanguage\":\"en-US\"}]}<\/script>\n<!-- \/ Yoast SEO plugin. -->","yoast_head_json":{"title":"Ski schools and services - Vratna","robots":{"index":"index","follow":"follow","max-snippet":"max-snippet:-1","max-image-preview":"max-image-preview:large","max-video-preview":"max-video-preview:-1"},"canonical":"https:\/\/vratna.sk\/en\/lyziarske-skoly-a-sluzby-v-nasom-areali\/","og_locale":"en_US","og_type":"article","og_title":"Ski schools and services - Vratna","og_description":"In the area of the resort Vr\u00e1tna Mal\u00e1 Fatra you have the opportunity to use the services of external ski [...]","og_url":"https:\/\/vratna.sk\/en\/lyziarske-skoly-a-sluzby-v-nasom-areali\/","og_site_name":"Vratna","article_publisher":"https:\/\/www.facebook.com\/vratnamalafatra\/","article_modified_time":"2026-01-06T10:43:19+00:00","og_image":[{"width":1200,"height":628,"url":"https:\/\/i0.wp.com\/vratna.sk\/wp-content\/uploads\/2024\/06\/OGImage.png?fit=1200%2C628&ssl=1","type":"image\/png"}],"twitter_card":"summary_large_image","schema":{"@context":"https:\/\/schema.org","@graph":[{"@type":"WebPage","@id":"https:\/\/vratna.sk\/en\/lyziarske-skoly-a-sluzby-v-nasom-areali\/","url":"https:\/\/vratna.sk\/en\/lyziarske-skoly-a-sluzby-v-nasom-areali\/","name":"Ski schools and services - Vratna","isPartOf":{"@id":"https:\/\/vratna.sk\/en\/#website"},"datePublished":"2025-01-20T09:35:38+00:00","dateModified":"2026-01-06T10:43:19+00:00","breadcrumb":{"@id":"https:\/\/vratna.sk\/en\/lyziarske-skoly-a-sluzby-v-nasom-areali\/#breadcrumb"},"inLanguage":"en-US","potentialAction":[{"@type":"ReadAction","target":["https:\/\/vratna.sk\/en\/lyziarske-skoly-a-sluzby-v-nasom-areali\/"]}]},{"@type":"BreadcrumbList","@id":"https:\/\/vratna.sk\/en\/lyziarske-skoly-a-sluzby-v-nasom-areali\/#breadcrumb","itemListElement":[{"@type":"ListItem","position":1,"name":"Home","item":"https:\/\/vratna.sk\/en\/vratna-in-summer\/"},{"@type":"ListItem","position":2,"name":"Ski schools and services"}]},{"@type":"WebSite","@id":"https:\/\/vratna.sk\/en\/#website","url":"https:\/\/vratna.sk\/en\/","name":"Vratna","description":"","potentialAction":[{"@type":"SearchAction","target":{"@type":"EntryPoint","urlTemplate":"https:\/\/vratna.sk\/en\/?s={search_term_string}"},"query-input":{"@type":"PropertyValueSpecification","valueRequired":true,"valueName":"search_term_string"}}],"inLanguage":"en-US"}]}},"_links":{"self":[{"href":"https:\/\/vratna.sk\/en\/wp-json\/wp\/v2\/pages\/6033","targetHints":{"allow":["GET"]}}],"collection":[{"href":"https:\/\/vratna.sk\/en\/wp-json\/wp\/v2\/pages"}],"about":[{"href":"https:\/\/vratna.sk\/en\/wp-json\/wp\/v2\/types\/page"}],"author":[{"embeddable":true,"href":"https:\/\/vratna.sk\/en\/wp-json\/wp\/v2\/users\/4"}],"replies":[{"embeddable":true,"href":"https:\/\/vratna.sk\/en\/wp-json\/wp\/v2\/comments?post=6033"}],"version-history":[{"count":33,"href":"https:\/\/vratna.sk\/en\/wp-json\/wp\/v2\/pages\/6033\/revisions"}],"predecessor-version":[{"id":13584,"href":"https:\/\/vratna.sk\/en\/wp-json\/wp\/v2\/pages\/6033\/revisions\/13584"}],"wp:attachment":[{"href":"https:\/\/vratna.sk\/en\/wp-json\/wp\/v2\/media?parent=6033"}],"curies":[{"name":"wp","href":"https:\/\/api.w.org\/{rel}","templated":true}]}}