{"id":3873,"date":"2024-10-11T16:39:50","date_gmt":"2024-10-11T14:39:50","guid":{"rendered":"https:\/\/vratna.sk\/pre-sale-multiday-skippasses-for-winter-season-2024-25\/"},"modified":"2026-04-29T17:33:28","modified_gmt":"2026-04-29T15:33:28","slug":"pre-sale-multiday-skippasses-for-winter-season-2024-25","status":"publish","type":"page","link":"https:\/\/vratna.sk\/en\/pre-sale-multiday-skippasses-for-winter-season-2024-25\/","title":{"rendered":"Pre-sale of multi-day ski passes for winter 2024\/25"},"content":{"rendered":"\n<p class=\"text-1\">Plan your holiday in Vratna now and ski from 15\u20ac per day!<\/p>\n\n<ul class=\"wp-block-list text-1\">\n<li><strong>Ski 3 out of 4 days <\/strong><br\/>Pre-sale ski pass price <strong>69 \u20ac<\/strong><\/li>\n<\/ul>\n\n<ul class=\"wp-block-list text-1\">\n<li><strong>Ski<\/strong> <strong>4 out of 5 days<\/strong><br\/>Pre-sale ski pass price <strong>76 \u20ac <\/strong> <\/li>\n<\/ul>\n\n<ul class=\"wp-block-list text-1\">\n<li><strong>Ski<\/strong> <strong>5 out of 6 days<\/strong><br\/>Pre-sale ski pass price <strong>80 \u20ac<\/strong><\/li>\n<\/ul>\n\n<ul class=\"wp-block-list text-1\">\n<li><strong>Ski<\/strong> <strong>6 out of 7 days<\/strong><br\/>Pre-sale ski pass price <strong>90 \u20ac<\/strong><\/li>\n<\/ul>\n\n<p class=\"has-cold-green-color has-text-color has-link-color text-3 wp-elements-ea1dc21191188c10296de3582b81f42d\"><\/p>\n\n<p><\/p>\n\n<p><em>Terms of use and more info:<\/em> <\/p>\n\n<p>The ski pass is at one price for a selected number of days regardless of age and is purchased in advance for a specific date (you enter the first day of skiing in the e-shop).<\/p>\n\n<p>Ski passes are valid in Paseky, Polud\u0148ov\u00fd gr\u00fa\u0148 and Chleb as standard (depending on weather conditions and the locations open accordingly).<\/p>\n\n<p><strong>The anticipated duration of the presale is until 31. 12. 2024, but we reserve the right to adjust and limit this date according to the sales development.<\/strong><\/p>\n\n<p>The pre-sale price of ski passes will guarantee its use in 2025, regardless of the announced considerations on the change of the VAT rate, which is likely to affect our segment as well.<\/p>\n\n<p>At the same time, the significantly lower price in the presale is a &#8220;tax&#8221; for the impossibility of cancellation or refund of the ski pass, i.e. <strong>the ski pass purchased in the presale will not be eligible for refund.<\/strong><\/p>\n\n<p><strong>Ski passes will be valid:<\/strong><\/p>\n\n<ul class=\"wp-block-list\">\n<li><strong><strong>in high season (i.e. from 8 Jan to 21 Feb 25, including spring holidays KE and PO region from 15 Feb to 21 Feb 25)<\/strong><\/strong><\/li>\n\n\n\n<li><strong>in the off-season (i.e. from 10. 3. 25)<\/strong><\/li>\n<\/ul>\n\n<p><strong>They will not be able to be applied:  <\/strong><\/p>\n\n<ul class=\"wp-block-list\">\n<li><strong>in TOP season (25.12.24 &#8211; 7.1.25)<\/strong> and during spring holidays BA, NR, TT region + BB, ZA, TN region, i.e. <strong>  from 22. 2. to 9. 3. 25.<\/strong><\/li>\n<\/ul>\n\n<p>You can find the counter prices of ski passes for the winter season 24\/25 for comparison on the page below <a href=\"https:\/\/vratna.sk\/cennik-na-jesen-a-zimu-2024-25\/\">HERE<\/a>.<\/p>\n","protected":false},"excerpt":{"rendered":"<p>Plan your holiday in Vratna now and ski from 15\u20ac per day! Terms of use and more info: The ski [&#8230;]<\/p>\n","protected":false},"author":4,"featured_media":3928,"parent":0,"menu_order":0,"comment_status":"closed","ping_status":"closed","template":"page-content.php","meta":{"_acf_changed":false,"inline_featured_image":false,"footnotes":""},"class_list":["post-3873","page","type-page","status-publish","has-post-thumbnail","hentry"],"acf":[],"yoast_head":"<!-- This site is optimized with the Yoast SEO plugin v27.5 - https:\/\/yoast.com\/product\/yoast-seo-wordpress\/ -->\n<title>Pre-sale of multi-day ski passes for winter 2024\/25 - Vratna<\/title>\n<meta name=\"robots\" content=\"index, follow, max-snippet:-1, max-image-preview:large, max-video-preview:-1\" \/>\n<link rel=\"canonical\" href=\"https:\/\/vratna.sk\/en\/pre-sale-multiday-skippasses-for-winter-season-2024-25\/\" \/>\n<meta property=\"og:locale\" content=\"en_US\" \/>\n<meta property=\"og:type\" content=\"article\" \/>\n<meta property=\"og:title\" content=\"Pre-sale of multi-day ski passes for winter 2024\/25 - Vratna\" \/>\n<meta property=\"og:description\" content=\"Plan your holiday in Vratna now and ski from 15\u20ac per day! Terms of use and more info: The ski [...]\" \/>\n<meta property=\"og:url\" content=\"https:\/\/vratna.sk\/en\/pre-sale-multiday-skippasses-for-winter-season-2024-25\/\" \/>\n<meta property=\"og:site_name\" content=\"Vratna\" \/>\n<meta property=\"article:publisher\" content=\"https:\/\/www.facebook.com\/vratnamalafatra\/\" \/>\n<meta property=\"article:modified_time\" content=\"2026-04-29T15:33:28+00:00\" \/>\n<meta property=\"og:image\" content=\"https:\/\/i0.wp.com\/vratna.sk\/wp-content\/uploads\/2024\/10\/pozadie-baba1-scaled.jpg?fit=2560%2C2062&ssl=1\" \/>\n\t<meta property=\"og:image:width\" content=\"2560\" \/>\n\t<meta property=\"og:image:height\" content=\"2062\" \/>\n\t<meta property=\"og:image:type\" content=\"image\/jpeg\" \/>\n<meta name=\"twitter:card\" content=\"summary_large_image\" \/>\n<meta name=\"twitter:label1\" content=\"Est. reading time\" \/>\n\t<meta name=\"twitter:data1\" content=\"1 minute\" \/>\n<script type=\"application\/ld+json\" class=\"yoast-schema-graph\">{\"@context\":\"https:\\\/\\\/schema.org\",\"@graph\":[{\"@type\":\"WebPage\",\"@id\":\"https:\\\/\\\/vratna.sk\\\/en\\\/pre-sale-multiday-skippasses-for-winter-season-2024-25\\\/\",\"url\":\"https:\\\/\\\/vratna.sk\\\/en\\\/pre-sale-multiday-skippasses-for-winter-season-2024-25\\\/\",\"name\":\"Pre-sale of multi-day ski passes for winter 2024\\\/25 - Vratna\",\"isPartOf\":{\"@id\":\"https:\\\/\\\/vratna.sk\\\/en\\\/#website\"},\"primaryImageOfPage\":{\"@id\":\"https:\\\/\\\/vratna.sk\\\/en\\\/pre-sale-multiday-skippasses-for-winter-season-2024-25\\\/#primaryimage\"},\"image\":{\"@id\":\"https:\\\/\\\/vratna.sk\\\/en\\\/pre-sale-multiday-skippasses-for-winter-season-2024-25\\\/#primaryimage\"},\"thumbnailUrl\":\"https:\\\/\\\/i0.wp.com\\\/vratna.sk\\\/wp-content\\\/uploads\\\/2024\\\/10\\\/pozadie-baba1-scaled.jpg?fit=2560%2C2062&ssl=1\",\"datePublished\":\"2024-10-11T14:39:50+00:00\",\"dateModified\":\"2026-04-29T15:33:28+00:00\",\"breadcrumb\":{\"@id\":\"https:\\\/\\\/vratna.sk\\\/en\\\/pre-sale-multiday-skippasses-for-winter-season-2024-25\\\/#breadcrumb\"},\"inLanguage\":\"en-US\",\"potentialAction\":[{\"@type\":\"ReadAction\",\"target\":[\"https:\\\/\\\/vratna.sk\\\/en\\\/pre-sale-multiday-skippasses-for-winter-season-2024-25\\\/\"]}]},{\"@type\":\"ImageObject\",\"inLanguage\":\"en-US\",\"@id\":\"https:\\\/\\\/vratna.sk\\\/en\\\/pre-sale-multiday-skippasses-for-winter-season-2024-25\\\/#primaryimage\",\"url\":\"https:\\\/\\\/i0.wp.com\\\/vratna.sk\\\/wp-content\\\/uploads\\\/2024\\\/10\\\/pozadie-baba1-scaled.jpg?fit=2560%2C2062&ssl=1\",\"contentUrl\":\"https:\\\/\\\/i0.wp.com\\\/vratna.sk\\\/wp-content\\\/uploads\\\/2024\\\/10\\\/pozadie-baba1-scaled.jpg?fit=2560%2C2062&ssl=1\",\"width\":2560,\"height\":2062,\"caption\":\"Sporty glad man enjoys winter sport recreation smiles gladfully wears ski goggles and grey jacket isolated on blue. Holidays tour recreation and traveling concept. Snowboarder leads active lifestyle\"},{\"@type\":\"BreadcrumbList\",\"@id\":\"https:\\\/\\\/vratna.sk\\\/en\\\/pre-sale-multiday-skippasses-for-winter-season-2024-25\\\/#breadcrumb\",\"itemListElement\":[{\"@type\":\"ListItem\",\"position\":1,\"name\":\"Home\",\"item\":\"https:\\\/\\\/vratna.sk\\\/en\\\/vratna-in-summer\\\/\"},{\"@type\":\"ListItem\",\"position\":2,\"name\":\"Pre-sale of multi-day ski passes for winter 2024\\\/25\"}]},{\"@type\":\"WebSite\",\"@id\":\"https:\\\/\\\/vratna.sk\\\/en\\\/#website\",\"url\":\"https:\\\/\\\/vratna.sk\\\/en\\\/\",\"name\":\"Vratna\",\"description\":\"\",\"potentialAction\":[{\"@type\":\"SearchAction\",\"target\":{\"@type\":\"EntryPoint\",\"urlTemplate\":\"https:\\\/\\\/vratna.sk\\\/en\\\/?s={search_term_string}\"},\"query-input\":{\"@type\":\"PropertyValueSpecification\",\"valueRequired\":true,\"valueName\":\"search_term_string\"}}],\"inLanguage\":\"en-US\"}]}<\/script>\n<!-- \/ Yoast SEO plugin. -->","yoast_head_json":{"title":"Pre-sale of multi-day ski passes for winter 2024\/25 - Vratna","robots":{"index":"index","follow":"follow","max-snippet":"max-snippet:-1","max-image-preview":"max-image-preview:large","max-video-preview":"max-video-preview:-1"},"canonical":"https:\/\/vratna.sk\/en\/pre-sale-multiday-skippasses-for-winter-season-2024-25\/","og_locale":"en_US","og_type":"article","og_title":"Pre-sale of multi-day ski passes for winter 2024\/25 - Vratna","og_description":"Plan your holiday in Vratna now and ski from 15\u20ac per day! Terms of use and more info: The ski [...]","og_url":"https:\/\/vratna.sk\/en\/pre-sale-multiday-skippasses-for-winter-season-2024-25\/","og_site_name":"Vratna","article_publisher":"https:\/\/www.facebook.com\/vratnamalafatra\/","article_modified_time":"2026-04-29T15:33:28+00:00","og_image":[{"width":2560,"height":2062,"url":"https:\/\/i0.wp.com\/vratna.sk\/wp-content\/uploads\/2024\/10\/pozadie-baba1-scaled.jpg?fit=2560%2C2062&ssl=1","type":"image\/jpeg"}],"twitter_card":"summary_large_image","twitter_misc":{"Est. reading time":"1 minute"},"schema":{"@context":"https:\/\/schema.org","@graph":[{"@type":"WebPage","@id":"https:\/\/vratna.sk\/en\/pre-sale-multiday-skippasses-for-winter-season-2024-25\/","url":"https:\/\/vratna.sk\/en\/pre-sale-multiday-skippasses-for-winter-season-2024-25\/","name":"Pre-sale of multi-day ski passes for winter 2024\/25 - Vratna","isPartOf":{"@id":"https:\/\/vratna.sk\/en\/#website"},"primaryImageOfPage":{"@id":"https:\/\/vratna.sk\/en\/pre-sale-multiday-skippasses-for-winter-season-2024-25\/#primaryimage"},"image":{"@id":"https:\/\/vratna.sk\/en\/pre-sale-multiday-skippasses-for-winter-season-2024-25\/#primaryimage"},"thumbnailUrl":"https:\/\/i0.wp.com\/vratna.sk\/wp-content\/uploads\/2024\/10\/pozadie-baba1-scaled.jpg?fit=2560%2C2062&ssl=1","datePublished":"2024-10-11T14:39:50+00:00","dateModified":"2026-04-29T15:33:28+00:00","breadcrumb":{"@id":"https:\/\/vratna.sk\/en\/pre-sale-multiday-skippasses-for-winter-season-2024-25\/#breadcrumb"},"inLanguage":"en-US","potentialAction":[{"@type":"ReadAction","target":["https:\/\/vratna.sk\/en\/pre-sale-multiday-skippasses-for-winter-season-2024-25\/"]}]},{"@type":"ImageObject","inLanguage":"en-US","@id":"https:\/\/vratna.sk\/en\/pre-sale-multiday-skippasses-for-winter-season-2024-25\/#primaryimage","url":"https:\/\/i0.wp.com\/vratna.sk\/wp-content\/uploads\/2024\/10\/pozadie-baba1-scaled.jpg?fit=2560%2C2062&ssl=1","contentUrl":"https:\/\/i0.wp.com\/vratna.sk\/wp-content\/uploads\/2024\/10\/pozadie-baba1-scaled.jpg?fit=2560%2C2062&ssl=1","width":2560,"height":2062,"caption":"Sporty glad man enjoys winter sport recreation smiles gladfully wears ski goggles and grey jacket isolated on blue. Holidays tour recreation and traveling concept. Snowboarder leads active lifestyle"},{"@type":"BreadcrumbList","@id":"https:\/\/vratna.sk\/en\/pre-sale-multiday-skippasses-for-winter-season-2024-25\/#breadcrumb","itemListElement":[{"@type":"ListItem","position":1,"name":"Home","item":"https:\/\/vratna.sk\/en\/vratna-in-summer\/"},{"@type":"ListItem","position":2,"name":"Pre-sale of multi-day ski passes for winter 2024\/25"}]},{"@type":"WebSite","@id":"https:\/\/vratna.sk\/en\/#website","url":"https:\/\/vratna.sk\/en\/","name":"Vratna","description":"","potentialAction":[{"@type":"SearchAction","target":{"@type":"EntryPoint","urlTemplate":"https:\/\/vratna.sk\/en\/?s={search_term_string}"},"query-input":{"@type":"PropertyValueSpecification","valueRequired":true,"valueName":"search_term_string"}}],"inLanguage":"en-US"}]}},"_links":{"self":[{"href":"https:\/\/vratna.sk\/en\/wp-json\/wp\/v2\/pages\/3873","targetHints":{"allow":["GET"]}}],"collection":[{"href":"https:\/\/vratna.sk\/en\/wp-json\/wp\/v2\/pages"}],"about":[{"href":"https:\/\/vratna.sk\/en\/wp-json\/wp\/v2\/types\/page"}],"author":[{"embeddable":true,"href":"https:\/\/vratna.sk\/en\/wp-json\/wp\/v2\/users\/4"}],"replies":[{"embeddable":true,"href":"https:\/\/vratna.sk\/en\/wp-json\/wp\/v2\/comments?post=3873"}],"version-history":[{"count":18,"href":"https:\/\/vratna.sk\/en\/wp-json\/wp\/v2\/pages\/3873\/revisions"}],"predecessor-version":[{"id":7343,"href":"https:\/\/vratna.sk\/en\/wp-json\/wp\/v2\/pages\/3873\/revisions\/7343"}],"wp:featuredmedia":[{"embeddable":true,"href":"https:\/\/vratna.sk\/en\/wp-json\/wp\/v2\/media\/3928"}],"wp:attachment":[{"href":"https:\/\/vratna.sk\/en\/wp-json\/wp\/v2\/media?parent=3873"}],"curies":[{"name":"wp","href":"https:\/\/api.w.org\/{rel}","templated":true}]}}