{"id":2542,"date":"2024-05-24T14:41:49","date_gmt":"2024-05-24T12:41:49","guid":{"rendered":"https:\/\/vratna.sk\/doorman-at-a-glance\/"},"modified":"2025-12-01T18:41:09","modified_gmt":"2025-12-01T17:41:09","slug":"vratna-v-skratke-leto","status":"publish","type":"page","link":"https:\/\/vratna.sk\/en\/vratna-v-skratke-leto\/","title":{"rendered":"Doorman at a glance \/ SUMMER"},"content":{"rendered":"    <section  class=\"text-image b-ForestGreen c-NaturalWhite\">\n        <div class=\"container-fluid\">\n            <div class=\"row\">\n                <div class=\"grid \">\n                    <div class=\"col text text-2\">\n                        <div class=\"wrapper\">\n                            <div class=\"title\">\n                                <h1 class=\"display-1\">Welcome to Vr\u00e1tna<\/h1>\n                            <\/div>\n                            <div class=\"content\">\n                                                                    <p><p>Vr\u00e1tna Mal\u00e1 Fatra is a mountain resort where you can enjoy the summer in addition to traditional winter activities. Since Vr\u00e1tna is located in the heart of the Mal\u00e1 Fatra National Park, the biggest dominant feature is the beautiful nature and breathtaking views.  <\/p>\n<\/p>\n                                                                            <div class=\"button\">\n                                            <a href=\"#gallery\" target=\"_self\" class=\"btn btn-yellow\">\n                                                Get to know Vratna                                                <svg xmlns=\"http:\/\/www.w3.org\/2000\/svg\" width=\"24\" height=\"24\" viewBox=\"0 0 24 24\" fill=\"none\">\n                                                    <path d=\"M5 12H19M19 12L13 18M19 12L13 6\" stroke=\"#01382E\" stroke-width=\"2\" stroke-linecap=\"square\"\/>\n                                                <\/svg>\n                                            <\/a>\n                                        <\/div>\n                                                                                                <\/div>\n                        <\/div>\n                    <\/div>\n                    <div class=\"col image\">\n                                                    <div class=\"pictogram pictogram-1\">\n                                <?xml version=\"1.0\" encoding=\"UTF-8\"?>\n<svg xmlns=\"http:\/\/www.w3.org\/2000\/svg\" width=\"200\" height=\"200\" viewBox=\"0 0 200 200\" fill=\"none\">\n  <g id=\"Slnko\">\n    <path id=\"Vector\" fill-rule=\"evenodd\" clip-rule=\"evenodd\" d=\"M91.6667 41.6779V0.0141602H108.333V41.6779H91.6667ZM100 141.671C123.012 141.671 141.667 123.017 141.667 100.007C141.667 76.9969 123.012 58.3434 100 58.3434C76.9881 58.3434 58.3333 76.9969 58.3333 100.007C58.3333 123.017 76.9881 141.671 100 141.671ZM91.6667 158.336V200H108.333V158.336H91.6667ZM41.6667 108.34H0V91.6745H41.6667V108.34ZM158.333 108.34H200V91.6745H158.333V108.34ZM52.4406 64.2494L23.2739 35.0847L35.059 23.3004L64.2257 52.4651L52.4406 64.2494ZM135.774 147.577L164.94 176.742L176.726 164.957L147.559 135.793L135.774 147.577ZM64.2257 147.577L35.059 176.742L23.2739 164.957L52.4406 135.793L64.2257 147.577ZM147.559 64.2494L176.726 35.0847L164.94 23.3004L135.774 52.4651L147.559 64.2494Z\" fill=\"#B4ABF5\"><\/path>\n  <\/g>\n<\/svg>\n                            <\/div>\n                                                                            <div class=\"pictogram pictogram-2\">\n                                <?xml version=\"1.0\" encoding=\"UTF-8\"?>\n<svg xmlns=\"http:\/\/www.w3.org\/2000\/svg\" width=\"200\" height=\"200\" viewBox=\"0 0 200 200\" fill=\"none\">\n  <g id=\"Flora\">\n    <path id=\"Vector\" d=\"M175 125H125L108.333 141.667V107.625C131.951 103.646 150 83.0624 150 58.3333V1.09717L117.729 22.6111L100 4.88189L82.2708 22.6111L50 1.09717V58.3333C50 83.0624 68.0486 103.646 91.6667 107.625V141.667L75 125H25L75 175H91.6667V200H108.333V175H125L175 125ZM66.6667 58.3333V32.2361L84.3958 44.0555L100 28.4513L115.604 44.0555L133.333 32.2361V58.3333C133.333 76.7152 118.382 91.6666 100 91.6666C81.6181 91.6666 66.6667 76.7152 66.6667 58.3333Z\" fill=\"#B4ABF5\"><\/path>\n  <\/g>\n<\/svg>\n                            <\/div>\n                                                                                                    <img decoding=\"async\" src=\"https:\/\/i0.wp.com\/vratna.sk\/wp-content\/uploads\/2025\/06\/DJI_0641-2.jpg?fit=5464%2C3640&#038;ssl=1\" alt=\"\" \/>\n                                            <\/div>\n                <\/div>\n            <\/div>\n        <\/div>\n    <\/section>\n\n\n    <section  id=\"gallery\"  class=\"gallery b-NaturalWhite\">\n        <div class=\"container-fluid\">\n            <div class=\"row\">\n                <div class=\"grid\">\n                                                                        <div class=\"item\">\n                                <img decoding=\"async\" src=\"https:\/\/i0.wp.com\/vratna.sk\/wp-content\/uploads\/2025\/06\/KA%C2%B3pia-sAoboru-DSC00284-2.jpg?fit=5786%2C3857&#038;ssl=1\" alt=\"\" \/>\n                            <\/div>\n                                                    <div class=\"item\">\n                                <img decoding=\"async\" src=\"https:\/\/i0.wp.com\/vratna.sk\/wp-content\/uploads\/2025\/06\/DSC00400-2.jpg?fit=6000%2C4000&#038;ssl=1\" alt=\"\" \/>\n                            <\/div>\n                                                    <div class=\"item\">\n                                <img decoding=\"async\" src=\"https:\/\/i0.wp.com\/vratna.sk\/wp-content\/uploads\/2025\/06\/DSC06918-2.jpg?fit=4000%2C6000&#038;ssl=1\" alt=\"\" \/>\n                            <\/div>\n                                                            <\/div>\n            <\/div>\n        <\/div>\n    <\/section>\n<section class=\"content b-NaturalWhite\">\n    <div class=\"container-fluid\">\n        <div class=\"row\">\n            <div class=\"flex\">\n                <div class=\"col editor text-2\">\n<p><strong>Vr\u00e1tna Mal\u00e1 Fatra<\/strong> is a tourist resort where, in addition to traditional winter activities, you can also enjoy the summer. As Vr\u00e1tna is located in the heart of the Mal\u00e1 Fatra National Park, the biggest dominant feature is the beautiful nature, but also the village of Terchov\u00e1, 3 km away, famous mainly thanks to the national hero Juraj Janosik.<\/p>\n\n<p>The resort is a popular tourist destination thanks to its exceptional location in the Mala Fatra Mountains. Vratna consists of three basic sites<strong> &#8211; Paseky, Polud\u0148ov\u00fd Gr\u00fa\u0148 and Chleb.<\/strong> Of course, there are other places and hiking trails in the Vr\u00e1tna valley where you can go in summer. However, these three locations together form our year-round resort Vr\u00e1tna Mala Fatra. If you are looking for a place for active relaxation in beautiful surroundings, come and enjoy nature with us in Vr\u00e1tn\u00e1.  <\/p>\n\n<p><strong>PASEKY <\/strong>is a popular place not only in winter, but also in summer. In the summer months you can try <strong>the Activity Park with<\/strong> mountain tricycles, tubing, bungee trampoline or jumping &#8220;hill&#8221;. There is also <strong>a BIKEPARK with<\/strong> a downhill track and a skill zone. When you get hungry, we recommend heading to the HUMNO restaurant <strong>with <\/strong>a <strong>tasty <\/strong>summer menu and good coffee.<\/p>\n\n<p>Paseky is also a great starting point for hiking. Either on your own or use the 4-seater cable car, which will also take you to <strong>new photo points such as<\/strong> the giant bench or the observation swings. The last novelty in the upper station of the chairlift is <strong><a href=\"https:\/\/vratna.sk\/en\/activity\/photopoints\/\">Love Boat<\/a><\/strong> &#8211; a big heart where you can symbolically seal your love or friendship with your own lock. The upper station of the chairlift is a beautiful place with a view of Polud\u0148ov\u00fd Gr\u00fa\u0148. After a short walk, which even small children can handle, you will reach the Chata na <a href=\"http:\/\/www.chatanagruni.sk\/\" target=\"_blank\" rel=\"noreferrer noopener\">Gr\u00fani, where you can take a moment to<\/a> relax and enjoy a snack with a view of the peaks of Mala Fatra. From there you can continue on a slightly more demanding zig-zag climb up to the very crest of Mala Fatra and take the popular ridge climb up to Chleb.<\/p>\n\n<p>You can also take our <strong>cable car<\/strong> to Chleb <strong>and<\/strong> this location as well as the whole ridge of Mala Fatra offers truly majestic views. An 8-seater cable car will take you from the valley station Vr\u00e1tna (lift) to the Snilovsk\u00fd sedlo (1 492 m.n.m.), which is an ideal starting point for hiking, so you will overcome 750 metres of altitude and it is up to you which of the many trails and what difficulty you choose. The above mentioned ridge is also popular with the start from Chleb &#8211; towards Polud\u0148ov\u00fd Gr\u00fa\u0148. However, if you are exclusively a hiker, there is a hiking trail below the cable car that will also take you to the top. Right next to the top station of the cable car Chleb is the <strong>PANORAMA<\/strong> restaurant with a sun terrace.<\/p>\n\n<p><\/p>\n                <\/div>\n            <\/div>\n        <\/div>\n    <\/div>\n<\/section>    <section  id=\"map\"  class=\"page-intro b-NaturalWhite c-ForestGreen\">\n        <div class=\"container-fluid\">\n            <div class=\"row\">\n                <h1 class=\"display-1\">Map of the resort<\/h1>\n                                    <div class=\"image\">\n                    <img decoding=\"async\" src=\"https:\/\/i0.wp.com\/vratna.sk\/wp-content\/uploads\/2024\/06\/vratna_leto_2020-2024_isolted.png?fit=1389%2C653&#038;ssl=1\" alt=\"\" \/>\n                                                        <\/div>\n                            <\/div>\n        <\/div>\n    <\/section>\n\n\n<section class=\"content b-NaturalWhite\">\n    <div class=\"container-fluid\">\n        <div class=\"row\">\n            <div class=\"flex\">\n                <div class=\"col editor text-2\">    <div class=\"simple-button\">\n        <a href=\"http:\/\/vratna.sk\/wp-content\/uploads\/2024\/06\/Vratna_leto_2020-2024.pdf\" target=\"_blank\" class=\"btn btn-yellow\">\n            Download map (PDF)            <svg xmlns=\"http:\/\/www.w3.org\/2000\/svg\" width=\"24\" height=\"24\" viewBox=\"0 0 24 24\" fill=\"none\">\n                <path d=\"M5 12H19M19 12L13 18M19 12L13 6\" stroke=\"#01382E\" stroke-width=\"2\" stroke-linecap=\"square\"\/>\n            <\/svg>\n        <\/a>\n    <\/div>\n\n                <\/div>\n            <\/div>\n        <\/div>\n    <\/div>\n<\/section>    <section  id=\"mala-fatra\"  class=\"text-image b-ForestGreen c-NaturalWhite\">\n        <div class=\"container-fluid\">\n            <div class=\"row\">\n                <div class=\"grid \">\n                    <div class=\"col text text-2\">\n                        <div class=\"wrapper\">\n                            <div class=\"title\">\n                                <h1 class=\"display-1\">Mala Fatra National Park<\/h1>\n                            <\/div>\n                            <div class=\"content\">\n                                                                    <p><p>The Mal\u00e1 Fatra National Park is one of the most beautiful national parks in Slovakia. It was founded in 1988. It is located in the northwestern part of the Western Carpathians. The territory of the National Park itself occupies the Kriv\u00e1nsk\u00e1 part of the Mala Fatra Mountains. It is the last westernmost national park of the Carpathian Mountains with a permanent presence of large carnivores (bear, wolf, lynx) and original and relatively well-preserved ecosystems.  <\/p>\n<p>The Mal\u00e1 Fatra National Park is characterised by an extraordinary diversity of geological and climatic conditions. This, together with the vertical ruggedness, has contributed to a great diversity of plant and animal communities.<\/p>\n<p>In the logo of the National Park there is the mountain Ve\u013ek\u00fd Rozsutec.  <\/p>\n<\/p>\n                                                                            <div class=\"button\">\n                                            <a href=\"https:\/\/www.npmalafatra.sk\/navstevnici\/navstevny-poriadok\/\" target=\"_blank\" class=\"btn btn-yellow\">\n                                                Visiting regulations                                                  <svg xmlns=\"http:\/\/www.w3.org\/2000\/svg\" width=\"24\" height=\"24\" viewBox=\"0 0 24 24\" fill=\"none\">\n                                                    <path d=\"M5 12H19M19 12L13 18M19 12L13 6\" stroke=\"#01382E\" stroke-width=\"2\" stroke-linecap=\"square\"\/>\n                                                <\/svg>\n                                            <\/a>\n                                        <\/div>\n                                                                                                <\/div>\n                        <\/div>\n                    <\/div>\n                    <div class=\"col image\">\n                                                                                                                            <img decoding=\"async\" src=\"https:\/\/i0.wp.com\/vratna.sk\/wp-content\/uploads\/2024\/07\/shutterstock_150246119.jpg?fit=1500%2C1125&#038;ssl=1\" alt=\"\" \/>\n                                            <\/div>\n                <\/div>\n            <\/div>\n        <\/div>\n    <\/section>\n\n\n","protected":false},"excerpt":{"rendered":"<p>Vr\u00e1tna Mal\u00e1 Fatra is a tourist resort where, in addition to traditional winter activities, you can also enjoy the summer. [&#8230;]<\/p>\n","protected":false},"author":1,"featured_media":1694,"parent":0,"menu_order":0,"comment_status":"closed","ping_status":"closed","template":"","meta":{"_acf_changed":false,"inline_featured_image":false,"footnotes":""},"class_list":["post-2542","page","type-page","status-publish","has-post-thumbnail","hentry"],"acf":[],"yoast_head":"<!-- This site is optimized with the Yoast SEO plugin v27.5 - https:\/\/yoast.com\/product\/yoast-seo-wordpress\/ -->\n<title>Doorman at a glance \/ SUMMER - Vratna<\/title>\n<meta name=\"robots\" content=\"index, follow, max-snippet:-1, max-image-preview:large, max-video-preview:-1\" \/>\n<link rel=\"canonical\" href=\"https:\/\/vratna.sk\/en\/vratna-v-skratke-leto\/\" \/>\n<meta property=\"og:locale\" content=\"en_US\" \/>\n<meta property=\"og:type\" content=\"article\" \/>\n<meta property=\"og:title\" content=\"Doorman at a glance \/ SUMMER - Vratna\" \/>\n<meta property=\"og:description\" content=\"Vr\u00e1tna Mal\u00e1 Fatra is a tourist resort where, in addition to traditional winter activities, you can also enjoy the summer. [...]\" \/>\n<meta property=\"og:url\" content=\"https:\/\/vratna.sk\/en\/vratna-v-skratke-leto\/\" \/>\n<meta property=\"og:site_name\" content=\"Vratna\" \/>\n<meta property=\"article:publisher\" content=\"https:\/\/www.facebook.com\/vratnamalafatra\/\" \/>\n<meta property=\"article:modified_time\" content=\"2025-12-01T17:41:09+00:00\" \/>\n<meta property=\"og:image\" content=\"https:\/\/i0.wp.com\/vratna.sk\/wp-content\/uploads\/2024\/06\/DSC06932.jpg?fit=1920%2C1280&ssl=1\" \/>\n\t<meta property=\"og:image:width\" content=\"1920\" \/>\n\t<meta property=\"og:image:height\" content=\"1280\" \/>\n\t<meta property=\"og:image:type\" content=\"image\/jpeg\" \/>\n<meta name=\"twitter:card\" content=\"summary_large_image\" \/>\n<meta name=\"twitter:label1\" content=\"Est. reading time\" \/>\n\t<meta name=\"twitter:data1\" content=\"3 minutes\" \/>\n<script type=\"application\/ld+json\" class=\"yoast-schema-graph\">{\"@context\":\"https:\\\/\\\/schema.org\",\"@graph\":[{\"@type\":\"WebPage\",\"@id\":\"https:\\\/\\\/vratna.sk\\\/en\\\/vratna-v-skratke-leto\\\/\",\"url\":\"https:\\\/\\\/vratna.sk\\\/en\\\/vratna-v-skratke-leto\\\/\",\"name\":\"Doorman at a glance \\\/ SUMMER - Vratna\",\"isPartOf\":{\"@id\":\"https:\\\/\\\/vratna.sk\\\/en\\\/#website\"},\"primaryImageOfPage\":{\"@id\":\"https:\\\/\\\/vratna.sk\\\/en\\\/vratna-v-skratke-leto\\\/#primaryimage\"},\"image\":{\"@id\":\"https:\\\/\\\/vratna.sk\\\/en\\\/vratna-v-skratke-leto\\\/#primaryimage\"},\"thumbnailUrl\":\"https:\\\/\\\/i0.wp.com\\\/vratna.sk\\\/wp-content\\\/uploads\\\/2024\\\/06\\\/DSC06932.jpg?fit=1920%2C1280&ssl=1\",\"datePublished\":\"2024-05-24T12:41:49+00:00\",\"dateModified\":\"2025-12-01T17:41:09+00:00\",\"breadcrumb\":{\"@id\":\"https:\\\/\\\/vratna.sk\\\/en\\\/vratna-v-skratke-leto\\\/#breadcrumb\"},\"inLanguage\":\"en-US\",\"potentialAction\":[{\"@type\":\"ReadAction\",\"target\":[\"https:\\\/\\\/vratna.sk\\\/en\\\/vratna-v-skratke-leto\\\/\"]}]},{\"@type\":\"ImageObject\",\"inLanguage\":\"en-US\",\"@id\":\"https:\\\/\\\/vratna.sk\\\/en\\\/vratna-v-skratke-leto\\\/#primaryimage\",\"url\":\"https:\\\/\\\/i0.wp.com\\\/vratna.sk\\\/wp-content\\\/uploads\\\/2024\\\/06\\\/DSC06932.jpg?fit=1920%2C1280&ssl=1\",\"contentUrl\":\"https:\\\/\\\/i0.wp.com\\\/vratna.sk\\\/wp-content\\\/uploads\\\/2024\\\/06\\\/DSC06932.jpg?fit=1920%2C1280&ssl=1\",\"width\":1920,\"height\":1280},{\"@type\":\"BreadcrumbList\",\"@id\":\"https:\\\/\\\/vratna.sk\\\/en\\\/vratna-v-skratke-leto\\\/#breadcrumb\",\"itemListElement\":[{\"@type\":\"ListItem\",\"position\":1,\"name\":\"Home\",\"item\":\"https:\\\/\\\/vratna.sk\\\/en\\\/vratna-in-summer\\\/\"},{\"@type\":\"ListItem\",\"position\":2,\"name\":\"Doorman at a glance \\\/ SUMMER\"}]},{\"@type\":\"WebSite\",\"@id\":\"https:\\\/\\\/vratna.sk\\\/en\\\/#website\",\"url\":\"https:\\\/\\\/vratna.sk\\\/en\\\/\",\"name\":\"Vratna\",\"description\":\"\",\"potentialAction\":[{\"@type\":\"SearchAction\",\"target\":{\"@type\":\"EntryPoint\",\"urlTemplate\":\"https:\\\/\\\/vratna.sk\\\/en\\\/?s={search_term_string}\"},\"query-input\":{\"@type\":\"PropertyValueSpecification\",\"valueRequired\":true,\"valueName\":\"search_term_string\"}}],\"inLanguage\":\"en-US\"}]}<\/script>\n<!-- \/ Yoast SEO plugin. -->","yoast_head_json":{"title":"Doorman at a glance \/ SUMMER - Vratna","robots":{"index":"index","follow":"follow","max-snippet":"max-snippet:-1","max-image-preview":"max-image-preview:large","max-video-preview":"max-video-preview:-1"},"canonical":"https:\/\/vratna.sk\/en\/vratna-v-skratke-leto\/","og_locale":"en_US","og_type":"article","og_title":"Doorman at a glance \/ SUMMER - Vratna","og_description":"Vr\u00e1tna Mal\u00e1 Fatra is a tourist resort where, in addition to traditional winter activities, you can also enjoy the summer. [...]","og_url":"https:\/\/vratna.sk\/en\/vratna-v-skratke-leto\/","og_site_name":"Vratna","article_publisher":"https:\/\/www.facebook.com\/vratnamalafatra\/","article_modified_time":"2025-12-01T17:41:09+00:00","og_image":[{"width":1920,"height":1280,"url":"https:\/\/i0.wp.com\/vratna.sk\/wp-content\/uploads\/2024\/06\/DSC06932.jpg?fit=1920%2C1280&ssl=1","type":"image\/jpeg"}],"twitter_card":"summary_large_image","twitter_misc":{"Est. reading time":"3 minutes"},"schema":{"@context":"https:\/\/schema.org","@graph":[{"@type":"WebPage","@id":"https:\/\/vratna.sk\/en\/vratna-v-skratke-leto\/","url":"https:\/\/vratna.sk\/en\/vratna-v-skratke-leto\/","name":"Doorman at a glance \/ SUMMER - Vratna","isPartOf":{"@id":"https:\/\/vratna.sk\/en\/#website"},"primaryImageOfPage":{"@id":"https:\/\/vratna.sk\/en\/vratna-v-skratke-leto\/#primaryimage"},"image":{"@id":"https:\/\/vratna.sk\/en\/vratna-v-skratke-leto\/#primaryimage"},"thumbnailUrl":"https:\/\/i0.wp.com\/vratna.sk\/wp-content\/uploads\/2024\/06\/DSC06932.jpg?fit=1920%2C1280&ssl=1","datePublished":"2024-05-24T12:41:49+00:00","dateModified":"2025-12-01T17:41:09+00:00","breadcrumb":{"@id":"https:\/\/vratna.sk\/en\/vratna-v-skratke-leto\/#breadcrumb"},"inLanguage":"en-US","potentialAction":[{"@type":"ReadAction","target":["https:\/\/vratna.sk\/en\/vratna-v-skratke-leto\/"]}]},{"@type":"ImageObject","inLanguage":"en-US","@id":"https:\/\/vratna.sk\/en\/vratna-v-skratke-leto\/#primaryimage","url":"https:\/\/i0.wp.com\/vratna.sk\/wp-content\/uploads\/2024\/06\/DSC06932.jpg?fit=1920%2C1280&ssl=1","contentUrl":"https:\/\/i0.wp.com\/vratna.sk\/wp-content\/uploads\/2024\/06\/DSC06932.jpg?fit=1920%2C1280&ssl=1","width":1920,"height":1280},{"@type":"BreadcrumbList","@id":"https:\/\/vratna.sk\/en\/vratna-v-skratke-leto\/#breadcrumb","itemListElement":[{"@type":"ListItem","position":1,"name":"Home","item":"https:\/\/vratna.sk\/en\/vratna-in-summer\/"},{"@type":"ListItem","position":2,"name":"Doorman at a glance \/ SUMMER"}]},{"@type":"WebSite","@id":"https:\/\/vratna.sk\/en\/#website","url":"https:\/\/vratna.sk\/en\/","name":"Vratna","description":"","potentialAction":[{"@type":"SearchAction","target":{"@type":"EntryPoint","urlTemplate":"https:\/\/vratna.sk\/en\/?s={search_term_string}"},"query-input":{"@type":"PropertyValueSpecification","valueRequired":true,"valueName":"search_term_string"}}],"inLanguage":"en-US"}]}},"_links":{"self":[{"href":"https:\/\/vratna.sk\/en\/wp-json\/wp\/v2\/pages\/2542","targetHints":{"allow":["GET"]}}],"collection":[{"href":"https:\/\/vratna.sk\/en\/wp-json\/wp\/v2\/pages"}],"about":[{"href":"https:\/\/vratna.sk\/en\/wp-json\/wp\/v2\/types\/page"}],"author":[{"embeddable":true,"href":"https:\/\/vratna.sk\/en\/wp-json\/wp\/v2\/users\/1"}],"replies":[{"embeddable":true,"href":"https:\/\/vratna.sk\/en\/wp-json\/wp\/v2\/comments?post=2542"}],"version-history":[{"count":24,"href":"https:\/\/vratna.sk\/en\/wp-json\/wp\/v2\/pages\/2542\/revisions"}],"predecessor-version":[{"id":12689,"href":"https:\/\/vratna.sk\/en\/wp-json\/wp\/v2\/pages\/2542\/revisions\/12689"}],"wp:featuredmedia":[{"embeddable":true,"href":"https:\/\/vratna.sk\/en\/wp-json\/wp\/v2\/media\/1694"}],"wp:attachment":[{"href":"https:\/\/vratna.sk\/en\/wp-json\/wp\/v2\/media?parent=2542"}],"curies":[{"name":"wp","href":"https:\/\/api.w.org\/{rel}","templated":true}]}}