{"id":1393,"date":"2024-05-24T12:31:39","date_gmt":"2024-05-24T10:31:39","guid":{"rendered":"http:\/\/vratna.sk\/pocasie\/"},"modified":"2024-07-03T11:53:06","modified_gmt":"2024-07-03T09:53:06","slug":"weather","status":"publish","type":"page","link":"https:\/\/vratna.sk\/en\/weather\/","title":{"rendered":"Weather"},"content":{"rendered":"    <section  class=\"text-image c-ForestGreen b-NaturalWhite\">\n        <div class=\"container-fluid\">\n            <div class=\"row\">\n                <div class=\"grid \">\n                    <div class=\"col text text-2\">\n                        <div class=\"wrapper\">\n                            <div class=\"title\">\n                                <h1 class=\"display-1\">Weather forecast<\/h1>\n                            <\/div>\n                            <div class=\"content\">\n                                                                    <p><p>Here you can see the weather forecast for the next few days. Before you go hiking, it&#8217;s important to remember that the weather in the mountains is very changeable in summer. We recommend following the weather trend before you start your hike and plan your trip accordingly, packing the necessary (and spare) clothing and even sunscreen. After all, as they say, &#8220;there is no bad weather, only a badly dressed tourist&#8221; :).<\/p>\n<\/p>\n                                                                                                <\/div>\n                        <\/div>\n                    <\/div>\n                    <div class=\"col image\">\n                                                    <div class=\"pictogram pictogram-1\">\n                                <?xml version=\"1.0\" encoding=\"UTF-8\"?>\n<svg xmlns=\"http:\/\/www.w3.org\/2000\/svg\" width=\"200\" height=\"200\" viewBox=\"0 0 200 200\" fill=\"none\">\n  <g id=\"Slnko\">\n    <path id=\"Vector\" fill-rule=\"evenodd\" clip-rule=\"evenodd\" d=\"M91.6667 41.6779V0.0141602H108.333V41.6779H91.6667ZM100 141.671C123.012 141.671 141.667 123.017 141.667 100.007C141.667 76.9969 123.012 58.3434 100 58.3434C76.9881 58.3434 58.3333 76.9969 58.3333 100.007C58.3333 123.017 76.9881 141.671 100 141.671ZM91.6667 158.336V200H108.333V158.336H91.6667ZM41.6667 108.34H0V91.6745H41.6667V108.34ZM158.333 108.34H200V91.6745H158.333V108.34ZM52.4406 64.2494L23.2739 35.0847L35.059 23.3004L64.2257 52.4651L52.4406 64.2494ZM135.774 147.577L164.94 176.742L176.726 164.957L147.559 135.793L135.774 147.577ZM64.2257 147.577L35.059 176.742L23.2739 164.957L52.4406 135.793L64.2257 147.577ZM147.559 64.2494L176.726 35.0847L164.94 23.3004L135.774 52.4651L147.559 64.2494Z\" fill=\"#01382E\"><\/path>\n  <\/g>\n<\/svg>\n                            <\/div>\n                                                                                                                            <img decoding=\"async\" src=\"https:\/\/i0.wp.com\/vratna.sk\/wp-content\/uploads\/2024\/07\/pocasie-1.jpg?fit=1440%2C1800&#038;ssl=1\" alt=\"\" \/>\n                                            <\/div>\n                <\/div>\n            <\/div>\n        <\/div>\n    <\/section>\n\n\n\n<section class=\"weather-detail b-ForestGreen c-NaturalWhite\">\n    <div class=\"container-fluid\">\n        <div class=\"row\">\n            \n            <h1> 25.04.2026 &#8211; 27.04.2026<\/h1>\n            <div class=\"filter-mobile\">\n                <select class=\"text-3 bold c-NaturalWhite\" name=\"filter\">\n                    <option value=\"Saturday\">Saturday<\/option><option value=\"Sunday\">Sunday<\/option><option value=\"Monday\">Monday<\/option>                <\/select>\n            <\/div>\n            <div class=\"filter text-3 bold\">\n                <div class=\"item active\" data-filter=\"Saturday\">Saturday<\/div><div class=\"item\" data-filter=\"Sunday\">Sunday<\/div><div class=\"item\" data-filter=\"Monday\">Monday<\/div>            <\/div>\n            <div class=\"contents\">\n                <div class=\"content active\" data-filter=\"Saturday\">\n                                        <div class='grid'>\n                        <div class='item'>\n                            <div class='image'>\n                                <img decoding=\"async\" src=\"https:\/\/i0.wp.com\/vratna.sk\/wp-content\/uploads\/2024\/06\/SEDACKA-scaled.jpg?fit=1707%2C2560&#038;ssl=1\" alt=\"\" \/>\n                                <div class='place h2'>Vr\u00e1tna<\/div>\n                            <\/div>\n                        <\/div>\n                                                    <div class='item c-ForestGreen text-3'>\n                                <div class='top'>\n                                    <div class='name bold'>\n                                        Morning                                    <\/div>\n                                    <div class='icon'>\n                                                                                    <img src='https:\/\/vratna.sk\/wp-content\/themes\/vratna\/assets\/img\/weather\/icon-weather-03-fog.svg' alt='1030' title='Opar'>\n                                                                            <\/div>\n                                    <div class='temperature bold text-1'>2,6 \u00b0C<\/div>\n                                <\/div>\n                                <div class='info'>\n                                    <div class='name'>Wind<\/div>\n                                    <div class='value'>3.6 km\/h<\/div>\n                                <\/div>\n                                <div class='info'>\n                                    <div class='name'>Precipitation<\/div>\n                                    <div class='value'>0 mm<\/div>\n                                <\/div>\n                            <\/div>\n                                                    <div class='item c-ForestGreen text-3'>\n                                <div class='top'>\n                                    <div class='name bold'>\n                                        At noon                                    <\/div>\n                                    <div class='icon'>\n                                                                                    <img src='https:\/\/vratna.sk\/wp-content\/themes\/vratna\/assets\/img\/weather\/icon-weather-02-clear.svg' alt='1000' title='Slne\u010dno'>\n                                                                            <\/div>\n                                    <div class='temperature bold text-1'>14,5 \u00b0C<\/div>\n                                <\/div>\n                                <div class='info'>\n                                    <div class='name'>Wind<\/div>\n                                    <div class='value'>10.4 km\/h<\/div>\n                                <\/div>\n                                <div class='info'>\n                                    <div class='name'>Precipitation<\/div>\n                                    <div class='value'>0 mm<\/div>\n                                <\/div>\n                            <\/div>\n                                                    <div class='item c-ForestGreen text-3'>\n                                <div class='top'>\n                                    <div class='name bold'>\n                                        After noon                                    <\/div>\n                                    <div class='icon'>\n                                                                                    <img src='https:\/\/vratna.sk\/wp-content\/themes\/vratna\/assets\/img\/weather\/icon-weather-02-clear.svg' alt='1000' title='Slne\u010dno'>\n                                                                            <\/div>\n                                    <div class='temperature bold text-1'>17,5 \u00b0C<\/div>\n                                <\/div>\n                                <div class='info'>\n                                    <div class='name'>Wind<\/div>\n                                    <div class='value'>15.5 km\/h<\/div>\n                                <\/div>\n                                <div class='info'>\n                                    <div class='name'>Precipitation<\/div>\n                                    <div class='value'>0 mm<\/div>\n                                <\/div>\n                            <\/div>\n                                                    <div class='item c-ForestGreen text-3'>\n                                <div class='top'>\n                                    <div class='name bold'>\n                                        At night                                    <\/div>\n                                    <div class='icon'>\n                                                                                    <img src='https:\/\/vratna.sk\/wp-content\/themes\/vratna\/assets\/img\/weather\/icon-weather-02-clear-night.svg' alt='1000' title='Jasno'>\n                                                                            <\/div>\n                                    <div class='temperature bold text-1'>6,2 \u00b0C<\/div>\n                                <\/div>\n                                <div class='info'>\n                                    <div class='name'>Wind<\/div>\n                                    <div class='value'>5.8 km\/h<\/div>\n                                <\/div>\n                                <div class='info'>\n                                    <div class='name'>Precipitation<\/div>\n                                    <div class='value'>0 mm<\/div>\n                                <\/div>\n                            <\/div>\n                                            <\/div>\n                <\/div>\n                <div class=\"content\" data-filter=\"Sunday\">\n                                        <div class='grid'>\n                        <div class='item'>\n                            <div class='image'>\n                                <img decoding=\"async\" src=\"https:\/\/i0.wp.com\/vratna.sk\/wp-content\/uploads\/2024\/06\/SEDACKA-scaled.jpg?fit=1707%2C2560&#038;ssl=1\" alt=\"\" \/>\n                                <div class='place h2'>Vr\u00e1tna<\/div>\n                            <\/div>\n                        <\/div>\n                                                    <div class='item c-ForestGreen text-3'>\n                                <div class='top'>\n                                    <div class='name bold'>\n                                        Morning                                    <\/div>\n                                    <div class='icon'>\n                                                                                    <img src='https:\/\/vratna.sk\/wp-content\/themes\/vratna\/assets\/img\/weather\/icon-weather-04-cloudy.svg' alt='1006' title='Obla\u010dno'>\n                                                                            <\/div>\n                                    <div class='temperature bold text-1'>3,2 \u00b0C<\/div>\n                                <\/div>\n                                <div class='info'>\n                                    <div class='name'>Wind<\/div>\n                                    <div class='value'>5.8 km\/h<\/div>\n                                <\/div>\n                                <div class='info'>\n                                    <div class='name'>Precipitation<\/div>\n                                    <div class='value'>0 mm<\/div>\n                                <\/div>\n                            <\/div>\n                                                    <div class='item c-ForestGreen text-3'>\n                                <div class='top'>\n                                    <div class='name bold'>\n                                        At noon                                    <\/div>\n                                    <div class='icon'>\n                                                                                    <img src='https:\/\/vratna.sk\/wp-content\/themes\/vratna\/assets\/img\/weather\/icon-weather-21-partly-cloudy-rain.svg' alt='1063' title='Miestami bl\u00edzky d\u00e1\u017e\u010f'>\n                                                                            <\/div>\n                                    <div class='temperature bold text-1'>7,7 \u00b0C<\/div>\n                                <\/div>\n                                <div class='info'>\n                                    <div class='name'>Wind<\/div>\n                                    <div class='value'>19.4 km\/h<\/div>\n                                <\/div>\n                                <div class='info'>\n                                    <div class='name'>Precipitation<\/div>\n                                    <div class='value'>0.02 mm<\/div>\n                                <\/div>\n                            <\/div>\n                                                    <div class='item c-ForestGreen text-3'>\n                                <div class='top'>\n                                    <div class='name bold'>\n                                        After noon                                    <\/div>\n                                    <div class='icon'>\n                                                                                    <img src='https:\/\/vratna.sk\/wp-content\/themes\/vratna\/assets\/img\/weather\/icon-weather-02-clear.svg' alt='1000' title='Slne\u010dno'>\n                                                                            <\/div>\n                                    <div class='temperature bold text-1'>10,4 \u00b0C<\/div>\n                                <\/div>\n                                <div class='info'>\n                                    <div class='name'>Wind<\/div>\n                                    <div class='value'>24.1 km\/h<\/div>\n                                <\/div>\n                                <div class='info'>\n                                    <div class='name'>Precipitation<\/div>\n                                    <div class='value'>0 mm<\/div>\n                                <\/div>\n                            <\/div>\n                                                    <div class='item c-ForestGreen text-3'>\n                                <div class='top'>\n                                    <div class='name bold'>\n                                        At night                                    <\/div>\n                                    <div class='icon'>\n                                                                                    <img src='https:\/\/vratna.sk\/wp-content\/themes\/vratna\/assets\/img\/weather\/icon-weather-02-clear-night.svg' alt='1000' title='Jasno'>\n                                                                            <\/div>\n                                    <div class='temperature bold text-1'>0,3 \u00b0C<\/div>\n                                <\/div>\n                                <div class='info'>\n                                    <div class='name'>Wind<\/div>\n                                    <div class='value'>6.5 km\/h<\/div>\n                                <\/div>\n                                <div class='info'>\n                                    <div class='name'>Precipitation<\/div>\n                                    <div class='value'>0 mm<\/div>\n                                <\/div>\n                            <\/div>\n                                            <\/div>\n                <\/div>\n                <div class=\"content\" data-filter=\"Monday\">\n                                        <div class='grid'>\n                        <div class='item'>\n                            <div class='image'>\n                                <img decoding=\"async\" src=\"https:\/\/i0.wp.com\/vratna.sk\/wp-content\/uploads\/2024\/06\/SEDACKA-scaled.jpg?fit=1707%2C2560&#038;ssl=1\" alt=\"\" \/>\n                                <div class='place h2'>Vr\u00e1tna<\/div>\n                            <\/div>\n                        <\/div>\n                                                    <div class='item c-ForestGreen text-3'>\n                                <div class='top'>\n                                    <div class='name bold'>\n                                        Morning                                    <\/div>\n                                    <div class='icon'>\n                                                                                    <img src='https:\/\/vratna.sk\/wp-content\/themes\/vratna\/assets\/img\/weather\/icon-weather-04-cloudy.svg' alt='1009' title='Zamra\u010den\u00e9'>\n                                                                            <\/div>\n                                    <div class='temperature bold text-1'>-1,7 \u00b0C<\/div>\n                                <\/div>\n                                <div class='info'>\n                                    <div class='name'>Wind<\/div>\n                                    <div class='value'>4.3 km\/h<\/div>\n                                <\/div>\n                                <div class='info'>\n                                    <div class='name'>Precipitation<\/div>\n                                    <div class='value'>0 mm<\/div>\n                                <\/div>\n                            <\/div>\n                                                    <div class='item c-ForestGreen text-3'>\n                                <div class='top'>\n                                    <div class='name bold'>\n                                        At noon                                    <\/div>\n                                    <div class='icon'>\n                                                                                    <img src='https:\/\/vratna.sk\/wp-content\/themes\/vratna\/assets\/img\/weather\/icon-weather-02-clear.svg' alt='1000' title='Slne\u010dno'>\n                                                                            <\/div>\n                                    <div class='temperature bold text-1'>10,5 \u00b0C<\/div>\n                                <\/div>\n                                <div class='info'>\n                                    <div class='name'>Wind<\/div>\n                                    <div class='value'>4.3 km\/h<\/div>\n                                <\/div>\n                                <div class='info'>\n                                    <div class='name'>Precipitation<\/div>\n                                    <div class='value'>0 mm<\/div>\n                                <\/div>\n                            <\/div>\n                                                    <div class='item c-ForestGreen text-3'>\n                                <div class='top'>\n                                    <div class='name bold'>\n                                        After noon                                    <\/div>\n                                    <div class='icon'>\n                                                                                    <img src='https:\/\/vratna.sk\/wp-content\/themes\/vratna\/assets\/img\/weather\/icon-weather-02-clear.svg' alt='1000' title='Slne\u010dno'>\n                                                                            <\/div>\n                                    <div class='temperature bold text-1'>13,1 \u00b0C<\/div>\n                                <\/div>\n                                <div class='info'>\n                                    <div class='name'>Wind<\/div>\n                                    <div class='value'>6.1 km\/h<\/div>\n                                <\/div>\n                                <div class='info'>\n                                    <div class='name'>Precipitation<\/div>\n                                    <div class='value'>0 mm<\/div>\n                                <\/div>\n                            <\/div>\n                                                    <div class='item c-ForestGreen text-3'>\n                                <div class='top'>\n                                    <div class='name bold'>\n                                        At night                                    <\/div>\n                                    <div class='icon'>\n                                                                                    <img src='https:\/\/vratna.sk\/wp-content\/themes\/vratna\/assets\/img\/weather\/icon-weather-02-clear-night.svg' alt='1000' title='Jasno'>\n                                                                            <\/div>\n                                    <div class='temperature bold text-1'>2,6 \u00b0C<\/div>\n                                <\/div>\n                                <div class='info'>\n                                    <div class='name'>Wind<\/div>\n                                    <div class='value'>4 km\/h<\/div>\n                                <\/div>\n                                <div class='info'>\n                                    <div class='name'>Precipitation<\/div>\n                                    <div class='value'>0 mm<\/div>\n                                <\/div>\n                            <\/div>\n                                            <\/div>\n                <\/div>\n            <\/div>\n        <\/div>\n    <\/div>\n<\/section>\n","protected":false},"excerpt":{"rendered":"","protected":false},"author":1,"featured_media":0,"parent":0,"menu_order":0,"comment_status":"closed","ping_status":"closed","template":"","meta":{"_acf_changed":false,"inline_featured_image":false,"footnotes":""},"class_list":["post-1393","page","type-page","status-publish","hentry"],"acf":[],"yoast_head":"<!-- This site is optimized with the Yoast SEO plugin v27.4 - https:\/\/yoast.com\/product\/yoast-seo-wordpress\/ -->\n<title>Weather - Vratna<\/title>\n<meta name=\"robots\" content=\"index, follow, max-snippet:-1, max-image-preview:large, max-video-preview:-1\" \/>\n<link rel=\"canonical\" href=\"https:\/\/vratna.sk\/en\/weather\/\" \/>\n<meta property=\"og:locale\" content=\"en_US\" \/>\n<meta property=\"og:type\" content=\"article\" \/>\n<meta property=\"og:title\" content=\"Weather - Vratna\" \/>\n<meta property=\"og:url\" content=\"https:\/\/vratna.sk\/en\/weather\/\" \/>\n<meta property=\"og:site_name\" content=\"Vratna\" \/>\n<meta property=\"article:publisher\" content=\"https:\/\/www.facebook.com\/vratnamalafatra\/\" \/>\n<meta property=\"article:modified_time\" content=\"2024-07-03T09:53:06+00:00\" \/>\n<meta property=\"og:image\" content=\"https:\/\/i0.wp.com\/vratna.sk\/wp-content\/uploads\/2024\/06\/OGImage.png?fit=1200%2C628&ssl=1\" \/>\n\t<meta property=\"og:image:width\" content=\"1200\" \/>\n\t<meta property=\"og:image:height\" content=\"628\" \/>\n\t<meta property=\"og:image:type\" content=\"image\/png\" \/>\n<meta name=\"twitter:card\" content=\"summary_large_image\" \/>\n<script type=\"application\/ld+json\" class=\"yoast-schema-graph\">{\"@context\":\"https:\\\/\\\/schema.org\",\"@graph\":[{\"@type\":\"WebPage\",\"@id\":\"https:\\\/\\\/vratna.sk\\\/en\\\/weather\\\/\",\"url\":\"https:\\\/\\\/vratna.sk\\\/en\\\/weather\\\/\",\"name\":\"Weather - Vratna\",\"isPartOf\":{\"@id\":\"https:\\\/\\\/vratna.sk\\\/en\\\/#website\"},\"datePublished\":\"2024-05-24T10:31:39+00:00\",\"dateModified\":\"2024-07-03T09:53:06+00:00\",\"breadcrumb\":{\"@id\":\"https:\\\/\\\/vratna.sk\\\/en\\\/weather\\\/#breadcrumb\"},\"inLanguage\":\"en-US\",\"potentialAction\":[{\"@type\":\"ReadAction\",\"target\":[\"https:\\\/\\\/vratna.sk\\\/en\\\/weather\\\/\"]}]},{\"@type\":\"BreadcrumbList\",\"@id\":\"https:\\\/\\\/vratna.sk\\\/en\\\/weather\\\/#breadcrumb\",\"itemListElement\":[{\"@type\":\"ListItem\",\"position\":1,\"name\":\"Home\",\"item\":\"https:\\\/\\\/vratna.sk\\\/en\\\/vratna-in-summer\\\/\"},{\"@type\":\"ListItem\",\"position\":2,\"name\":\"Weather\"}]},{\"@type\":\"WebSite\",\"@id\":\"https:\\\/\\\/vratna.sk\\\/en\\\/#website\",\"url\":\"https:\\\/\\\/vratna.sk\\\/en\\\/\",\"name\":\"Vratna\",\"description\":\"\",\"potentialAction\":[{\"@type\":\"SearchAction\",\"target\":{\"@type\":\"EntryPoint\",\"urlTemplate\":\"https:\\\/\\\/vratna.sk\\\/en\\\/?s={search_term_string}\"},\"query-input\":{\"@type\":\"PropertyValueSpecification\",\"valueRequired\":true,\"valueName\":\"search_term_string\"}}],\"inLanguage\":\"en-US\"}]}<\/script>\n<!-- \/ Yoast SEO plugin. -->","yoast_head_json":{"title":"Weather - Vratna","robots":{"index":"index","follow":"follow","max-snippet":"max-snippet:-1","max-image-preview":"max-image-preview:large","max-video-preview":"max-video-preview:-1"},"canonical":"https:\/\/vratna.sk\/en\/weather\/","og_locale":"en_US","og_type":"article","og_title":"Weather - Vratna","og_url":"https:\/\/vratna.sk\/en\/weather\/","og_site_name":"Vratna","article_publisher":"https:\/\/www.facebook.com\/vratnamalafatra\/","article_modified_time":"2024-07-03T09:53:06+00:00","og_image":[{"width":1200,"height":628,"url":"https:\/\/i0.wp.com\/vratna.sk\/wp-content\/uploads\/2024\/06\/OGImage.png?fit=1200%2C628&ssl=1","type":"image\/png"}],"twitter_card":"summary_large_image","schema":{"@context":"https:\/\/schema.org","@graph":[{"@type":"WebPage","@id":"https:\/\/vratna.sk\/en\/weather\/","url":"https:\/\/vratna.sk\/en\/weather\/","name":"Weather - Vratna","isPartOf":{"@id":"https:\/\/vratna.sk\/en\/#website"},"datePublished":"2024-05-24T10:31:39+00:00","dateModified":"2024-07-03T09:53:06+00:00","breadcrumb":{"@id":"https:\/\/vratna.sk\/en\/weather\/#breadcrumb"},"inLanguage":"en-US","potentialAction":[{"@type":"ReadAction","target":["https:\/\/vratna.sk\/en\/weather\/"]}]},{"@type":"BreadcrumbList","@id":"https:\/\/vratna.sk\/en\/weather\/#breadcrumb","itemListElement":[{"@type":"ListItem","position":1,"name":"Home","item":"https:\/\/vratna.sk\/en\/vratna-in-summer\/"},{"@type":"ListItem","position":2,"name":"Weather"}]},{"@type":"WebSite","@id":"https:\/\/vratna.sk\/en\/#website","url":"https:\/\/vratna.sk\/en\/","name":"Vratna","description":"","potentialAction":[{"@type":"SearchAction","target":{"@type":"EntryPoint","urlTemplate":"https:\/\/vratna.sk\/en\/?s={search_term_string}"},"query-input":{"@type":"PropertyValueSpecification","valueRequired":true,"valueName":"search_term_string"}}],"inLanguage":"en-US"}]}},"_links":{"self":[{"href":"https:\/\/vratna.sk\/en\/wp-json\/wp\/v2\/pages\/1393","targetHints":{"allow":["GET"]}}],"collection":[{"href":"https:\/\/vratna.sk\/en\/wp-json\/wp\/v2\/pages"}],"about":[{"href":"https:\/\/vratna.sk\/en\/wp-json\/wp\/v2\/types\/page"}],"author":[{"embeddable":true,"href":"https:\/\/vratna.sk\/en\/wp-json\/wp\/v2\/users\/1"}],"replies":[{"embeddable":true,"href":"https:\/\/vratna.sk\/en\/wp-json\/wp\/v2\/comments?post=1393"}],"version-history":[{"count":6,"href":"https:\/\/vratna.sk\/en\/wp-json\/wp\/v2\/pages\/1393\/revisions"}],"predecessor-version":[{"id":2783,"href":"https:\/\/vratna.sk\/en\/wp-json\/wp\/v2\/pages\/1393\/revisions\/2783"}],"wp:attachment":[{"href":"https:\/\/vratna.sk\/en\/wp-json\/wp\/v2\/media?parent=1393"}],"curies":[{"name":"wp","href":"https:\/\/api.w.org\/{rel}","templated":true}]}}